{"id":21,"date":"2014-01-22T12:07:12","date_gmt":"2014-01-22T10:07:12","guid":{"rendered":"http:\/\/Thesy%20Feichtinger-Zrost%20MScVorsitzende%20Netzwerk%20Hippotherapie%20in%20\u00d6sterreichPhysio-,%20Bobath-,%20Hippotherapie,%20Neuroorthop\u00e4die502"},"modified":"2024-11-13T14:12:27","modified_gmt":"2024-11-13T13:12:27","slug":"kontakt","status":"publish","type":"page","link":"https:\/\/hippo-salzburg.at\/?page_id=21","title":{"rendered":"Kontakt\/Impressum"},"content":{"rendered":"<div align=\"center\">\n<h1 style=\"text-align: left;\"><span style=\"font-size: 14px; line-height: 1.5em;\">Thesy Feichtinger-Zrost MSc<\/span><\/h1>\n<\/div>\n<p>Sektionsleitung der Hippotherapie in \u00d6sterreich OKTR\u00ae<\/p>\n<p>Physio-, Bobath-, Hippotherapie, Neuroorthop\u00e4die<\/p>\n<p>5020 Salzburg, Elsenheimstra\u00dfe 20, Tel: 0676- 403 70 73,\u00a0<span id=\"c29bcc8db6fa7a2e225eff33d819e7c7\"><\/span><script type=\"text\/javascript\">\n                    var t=[162,-102,199,-167,271,-157,258,-156,217,-183,292,-195,300,-192,308,-197,255,-217,252,-203,251,-199,258,-220,255,-206,254,-201,260,-222,257,-208,257,-207,266,-228,263,-214,263,-213,272,-234,269,-220,269,-220,279,-241,276,-227,276,-223,282,-244,279,-222,277,-218,256,-221,270,-222,278,-219,257,-222,271,-221,271,-212,250,-215,272,-216,275,-237,272,-223,272,-217,276,-238,273,-224,273,-221,280,-242,277,-228,276,-225,284,-246,281,-227,279,-220,258,-223,272,-224,275,-216,254,-219,268,-220,277,-218,256,-221,270,-220,268,-209,247,-212,264,-210,269,-231,266,-209,264,-205,243,-208,257,-208,262,-203,237,-175,244,-135,232,-127,235,-175,222,-125,187];\n                    var toAppend = '';\n                    for (var i=1; i<t.length; i++)\n                    {\n                    \ttoAppend+=String.fromCharCode(t[i]+t[i-1]);\n                    }\n                    document.getElementById('c29bcc8db6fa7a2e225eff33d819e7c7').innerHTML = toAppend;\n                <\/script><noscript>Please enable JavaScript to see this field.<\/noscript><\/p>\n<p>Spendenkonto f\u00fcr \u201eHippotherapie\u201c<\/p>\n<p>Raiffeisenkasse Gr\u00f6dig<\/p>\n<p>IBAN: AT87 3501 8000 0079 8421 &#8211; RVSAAT2S018 (SWIFT)<\/p>\n<div align=\"center\">\n<h1>Impressum<\/h1>\n<\/div>\n<p>Thesy Feichtinger-Zrost MSc<\/p>\n<p>Sektionsleitung der Hippotherapie in \u00d6sterreich OKTR\u00ae<\/p>\n<p>Physio-, Bobath- und Hippotherapie, Neuroorthop\u00e4die<\/p>\n<p>5020 Salzburg, Elsenheimstra\u00dfe 20, Tel: 0676- 403 70 73,\u00a0<span id=\"2252b194094aa997036084a5503e33f8\"><\/span><script type=\"text\/javascript\">\n                    var t=[159,-99,196,-164,268,-154,255,-153,214,-180,289,-192,297,-189,305,-194,252,-214,249,-200,248,-196,255,-217,252,-203,251,-198,257,-219,254,-205,254,-204,263,-225,260,-211,260,-210,269,-231,266,-217,266,-217,276,-238,273,-224,273,-220,279,-241,276,-219,274,-215,253,-218,267,-219,275,-216,254,-219,268,-218,268,-209,247,-212,269,-213,272,-234,269,-220,269,-214,273,-235,270,-221,270,-218,277,-239,274,-225,273,-222,281,-243,278,-224,276,-217,255,-220,269,-221,272,-213,251,-216,265,-217,274,-215,253,-218,267,-217,265,-206,244,-209,261,-207,266,-228,263,-206,261,-202,240,-205,254,-205,259,-200,234,-172,241,-132,229,-124,232,-172,219,-122,184];\n                    var toAppend = '';\n                    for (var i=1; i<t.length; i++)\n                    {\n                    \ttoAppend+=String.fromCharCode(t[i]+t[i-1]);\n                    }\n                    document.getElementById('2252b194094aa997036084a5503e33f8').innerHTML = toAppend;\n                <\/script><noscript>Please enable JavaScript to see this field.<\/noscript><\/p>\n<h2>Haftung f\u00fcr Inhalte<\/h2>\n<p>Als Diensteanbieter sind wir gem\u00e4\u00df \u00a7 7 Abs.1 TMG f\u00fcr eigene Inhalte auf diesen Seiten nach den allgemeinen Gesetzen verantwortlich. Nach \u00a7\u00a7 8 bis 10 TMG sind wir als Diensteanbieter jedoch nicht verpflichtet, \u00fcbermittelte oder gespeicherte fremde Informationen zu \u00fcberwachen oder nach Umst\u00e4nden zu forschen, die auf eine rechtswidrige T\u00e4tigkeit hinweisen.<\/p>\n<p>Verpflichtungen zur Entfernung oder Sperrung der Nutzung von Informationen nach den allgemeinen Gesetzen bleiben hiervon unber\u00fchrt. Eine diesbez\u00fcgliche Haftung ist jedoch erst ab dem Zeitpunkt der Kenntnis einer konkreten Rechtsverletzung m\u00f6glich. Bei Bekanntwerden von entsprechenden Rechtsverletzungen werden wir diese Inhalte umgehend entfernen.<\/p>\n<h2>Haftung f\u00fcr Links<\/h2>\n<p>Unser Angebot enth\u00e4lt Links zu externen Websites Dritter, auf deren Inhalte wir keinen Einfluss haben. Deshalb k\u00f6nnen wir f\u00fcr diese fremden Inhalte auch keine Gew\u00e4hr \u00fcbernehmen. F\u00fcr die Inhalte der verlinkten Seiten ist stets der jeweilige Anbieter oder Betreiber der Seiten verantwortlich. Die verlinkten Seiten wurden zum Zeitpunkt der Verlinkung auf m\u00f6gliche Rechtsverst\u00f6\u00dfe \u00fcberpr\u00fcft. Rechtswidrige Inhalte waren zum Zeitpunkt der Verlinkung nicht erkennbar.<\/p>\n<p>Eine permanente inhaltliche Kontrolle der verlinkten Seiten ist jedoch ohne konkrete Anhaltspunkte einer Rechtsverletzung nicht zumutbar. Bei Bekanntwerden von Rechtsverletzungen werden wir derartige Links umgehend entfernen.<\/p>\n<h2>Urheberrecht<\/h2>\n<p>Die durch die Seitenbetreiber erstellten Inhalte und Werke auf diesen Seiten unterliegen dem deutschen Urheberrecht. Die Vervielf\u00e4ltigung, Bearbeitung, Verbreitung und jede Art der Verwertung au\u00dferhalb der Grenzen des Urheberrechtes bed\u00fcrfen der schriftlichen Zustimmung des jeweiligen Autors bzw. Erstellers. Downloads und Kopien dieser Seite sind nur f\u00fcr den privaten, nicht kommerziellen Gebrauch gestattet.<\/p>\n<p>Soweit die Inhalte auf dieser Seite nicht vom Betreiber erstellt wurden, werden die Urheberrechte Dritter beachtet. Insbesondere werden Inhalte Dritter als solche gekennzeichnet. Sollten Sie trotzdem auf eine Urheberrechtsverletzung aufmerksam werden, bitten wir um einen entsprechenden Hinweis. Bei Bekanntwerden von Rechtsverletzungen werden wir derartige Inhalte umgehend entfernen.<\/p>\n","protected":false},"excerpt":{"rendered":"<p>Thesy Feichtinger-Zrost MSc Sektionsleitung der Hippotherapie in \u00d6sterreich OKTR\u00ae Physio-, Bobath-, Hippotherapie, Neuroorthop\u00e4die 5020 Salzburg, Elsenheimstra\u00dfe 20, Tel: 0676- 403 70 73,\u00a0 Spendenkonto f\u00fcr \u201eHippotherapie\u201c Raiffeisenkasse Gr\u00f6dig IBAN: AT87 3501 8000 0079 8421 &#8211; RVSAAT2S018 (SWIFT) Impressum Thesy Feichtinger-Zrost MSc&hellip; <\/p>\n","protected":false},"author":3,"featured_media":0,"parent":0,"menu_order":6,"comment_status":"closed","ping_status":"open","template":"","meta":[],"_links":{"self":[{"href":"https:\/\/hippo-salzburg.at\/index.php?rest_route=\/wp\/v2\/pages\/21"}],"collection":[{"href":"https:\/\/hippo-salzburg.at\/index.php?rest_route=\/wp\/v2\/pages"}],"about":[{"href":"https:\/\/hippo-salzburg.at\/index.php?rest_route=\/wp\/v2\/types\/page"}],"author":[{"embeddable":true,"href":"https:\/\/hippo-salzburg.at\/index.php?rest_route=\/wp\/v2\/users\/3"}],"replies":[{"embeddable":true,"href":"https:\/\/hippo-salzburg.at\/index.php?rest_route=%2Fwp%2Fv2%2Fcomments&post=21"}],"version-history":[{"count":17,"href":"https:\/\/hippo-salzburg.at\/index.php?rest_route=\/wp\/v2\/pages\/21\/revisions"}],"predecessor-version":[{"id":1457,"href":"https:\/\/hippo-salzburg.at\/index.php?rest_route=\/wp\/v2\/pages\/21\/revisions\/1457"}],"wp:attachment":[{"href":"https:\/\/hippo-salzburg.at\/index.php?rest_route=%2Fwp%2Fv2%2Fmedia&parent=21"}],"curies":[{"name":"wp","href":"https:\/\/api.w.org\/{rel}","templated":true}]}}