{"id":23,"date":"2014-01-22T12:07:38","date_gmt":"2014-01-22T10:07:38","guid":{"rendered":"<h1 style=\"text-align: center;\"><span style=\"color: #00ccff;\">Indikationen und Wirkung<\/span><\/h1>\r\n&nbsp;\r\n<h2><span style=\"color: #00ccff;\">Die h\u00e4ufigsten<\/span><\/h2>\r\n<h2><span style=\"color: #00ccff;\">INDIKATIONEN F\u00dcR ST\u00d6RUNGEN, DENEN MAN AM BESTEN MIT"},"modified":"2014-02-26T14:29:06","modified_gmt":"2014-02-26T13:29:06","slug":"indikatoren","status":"publish","type":"page","link":"https:\/\/hippo-salzburg.at\/?page_id=23","title":{"rendered":"Indikationen"},"content":{"rendered":"<h1 style=\"text-align: center;\"><span style=\"color: #00ccff;\">Indikationen und Wirkung<\/span><\/h1>\n<p>&nbsp;<\/p>\n<h2><span style=\"color: #00ccff;\">Die h\u00e4ufigsten<\/span><\/h2>\n<h2><span style=\"color: #00ccff;\">INDIKATIONEN F\u00dcR ST\u00d6RUNGEN, DENEN MAN AM BESTEN MIT HIPPOTHERAPIE BEGEGNET<\/span><\/h2>\n<p><strong>&gt; Neurologische Bewegungsst\u00f6rungen:<\/strong><\/p>\n<p style=\"padding-left: 30px;\">Spastik (Hemiparese, Diparese, Tetraparese)<br \/>\nAtaxie<br \/>\nDyskinesen<br \/>\nAssoziierte Reaktionen<br \/>\nMit der Verminderung der Spastik lassen sich verbesserte Bewegungsmuster bahnen, Schmerzsymptomatik lindern, Gelenke durchbewegen und zentrieren, verk\u00fcrzte Weichteile dehnen und Entstehung von Kontrakturen vermeiden.<br \/>\nMuskelfunktionen und Bewegungen k\u00f6nnen aufgebaut und trainiert werden.<br \/>\nBei Ataxie lassen sich unkoordinierte Bewegungen verbessern, Dyskinesien &#8211; Athetose, Tremor, Rigor \u2013 werden ebenfalls positiv beeinflusst.<br \/>\nDas Gleichgewicht wird geschult!!<br \/>\nAus der Besserungsf\u00e4higkeit neurologischer Bewegungsst\u00f6rungen ergeben sich folgende Indikationen:<\/p>\n<p style=\"padding-left: 60px;\">&#8211; Fr\u00fchkindliche Hirnsch\u00e4digung (Infantile Cerebralparese)<br \/>\n&#8211; Minimale cerebrale Dysfunktion<br \/>\n&#8211; Multiple Sklerose (MS)<br \/>\n&#8211; Sch\u00e4del- Hirntraumen<br \/>\n&#8211; Apoplexie (Schlaganfall)<br \/>\n&#8211; Torticollis spasmudicus<br \/>\n&#8211; Querschnittl\u00e4hmung<br \/>\n&#8211; Spina bifida<br \/>\n&#8211; R\u00fcckenmarkserkrankung<\/p>\n<p><strong>&gt; Erkrankungen des St\u00fctz-und Bewegungsapparates:<\/strong><\/p>\n<p style=\"padding-left: 30px;\">Fehlhaltungen der Wirbels\u00e4ule und des Beckens lassen sich mit Hippotherapie bessern, Beckenmobilit\u00e4t, physiologische H\u00fcftbewegungen und Gangschulung werden induziert.<br \/>\nDas rhythmische Durchbewegen der Gelenke wirkt Versteifungen und Verformungen entgegen. Koordinative F\u00e4higkeiten werden gelernt, physiologische Bewegung trainiert.<\/p>\n<p style=\"padding-left: 60px;\">&#8211; Bandscheibenprobleme<br \/>\n&#8211; H\u00fcfterkrankungen<br \/>\n&#8211; Skoliose<br \/>\n&#8211; Haltungsschw\u00e4che<br \/>\n&#8211; Muskul\u00e4re Dysbalance<br \/>\n&#8211; Zustand nach Amputation<\/p>\n<p><strong>&gt; Muskel- und Stoffwechselerkrankungen:<\/strong><\/p>\n<p style=\"padding-left: 30px;\">z.B. Muskeldystrophie<\/p>\n<p><strong>&gt; Gyn\u00e4kologische Probleme:<\/strong><\/p>\n<p style=\"padding-left: 30px;\">z.B. Beckenbodeninsuffizienz<\/p>\n<p><strong>&gt; und viele mehr&#8230;\u00a0<\/strong><\/p>\n<p>&nbsp;<\/p>\n<h2><span style=\"color: #00ccff;\">Wirkungen der Hippotherapie<\/span><\/h2>\n<p>&#8211; Beeinflussung und Verbesserung des Haltungstonus<br \/>\n&#8211; Verbesserung der Rumpfaufrichtung<br \/>\n&#8211; F\u00f6rderung der dynamischen Stabilisation der Wirbels\u00e4ule<br \/>\n&#8211; Verbesserung der Koordination<br \/>\n&#8211; F\u00f6rderung automatischer Gleichgewichtsreaktionen<br \/>\n&#8211; Aufdehnen von verk\u00fcrzter Muskulatur<br \/>\n&#8211; Mobilisation der Gelenke<br \/>\n&#8211; Regulierung und \u00d6konomisierung der Atmung<br \/>\n&#8211; Verbesserung der Mundmotorik und des Sprechens<br \/>\n&#8211; Erweiterung und Verbesserung der Wahrnehmung<br \/>\n&#8211; F\u00f6rderung der Konzentration<br \/>\n&#8211; St\u00e4rkung des Selbstwertgef\u00fchls<br \/>\n&#8211; Erwecken von Lebensfreude<\/p>\n","protected":false},"excerpt":{"rendered":"<p>Indikationen und Wirkung &nbsp; Die h\u00e4ufigsten INDIKATIONEN F\u00dcR ST\u00d6RUNGEN, DENEN MAN AM BESTEN MIT HIPPOTHERAPIE BEGEGNET &gt; Neurologische Bewegungsst\u00f6rungen: Spastik (Hemiparese, Diparese, Tetraparese) Ataxie Dyskinesen Assoziierte Reaktionen Mit der Verminderung der Spastik lassen sich verbesserte Bewegungsmuster bahnen, Schmerzsymptomatik lindern, Gelenke&hellip; <\/p>\n","protected":false},"author":3,"featured_media":0,"parent":12,"menu_order":60,"comment_status":"closed","ping_status":"open","template":"","meta":[],"_links":{"self":[{"href":"https:\/\/hippo-salzburg.at\/index.php?rest_route=\/wp\/v2\/pages\/23"}],"collection":[{"href":"https:\/\/hippo-salzburg.at\/index.php?rest_route=\/wp\/v2\/pages"}],"about":[{"href":"https:\/\/hippo-salzburg.at\/index.php?rest_route=\/wp\/v2\/types\/page"}],"author":[{"embeddable":true,"href":"https:\/\/hippo-salzburg.at\/index.php?rest_route=\/wp\/v2\/users\/3"}],"replies":[{"embeddable":true,"href":"https:\/\/hippo-salzburg.at\/index.php?rest_route=%2Fwp%2Fv2%2Fcomments&post=23"}],"version-history":[{"count":7,"href":"https:\/\/hippo-salzburg.at\/index.php?rest_route=\/wp\/v2\/pages\/23\/revisions"}],"predecessor-version":[{"id":939,"href":"https:\/\/hippo-salzburg.at\/index.php?rest_route=\/wp\/v2\/pages\/23\/revisions\/939"}],"up":[{"embeddable":true,"href":"https:\/\/hippo-salzburg.at\/index.php?rest_route=\/wp\/v2\/pages\/12"}],"wp:attachment":[{"href":"https:\/\/hippo-salzburg.at\/index.php?rest_route=%2Fwp%2Fv2%2Fmedia&parent=23"}],"curies":[{"name":"wp","href":"https:\/\/api.w.org\/{rel}","templated":true}]}}