{"id":31,"date":"2014-01-22T18:02:22","date_gmt":"2014-01-22T16:02:22","guid":{"rendered":"http:\/\/WAS%20IST\u00a0HIPPOTHERAPIE?Unter%20Hippotherapie%20versteht%20man%20eine%20spezielle%20physiotherapeutische%20Ma\u00dfnahme,"},"modified":"2019-07-02T19:40:31","modified_gmt":"2019-07-02T17:40:31","slug":"hippotherapie-info","status":"publish","type":"page","link":"https:\/\/hippo-salzburg.at\/?page_id=31","title":{"rendered":"Hippotherapie Info"},"content":{"rendered":"<h1 style=\"text-align: center;\"><\/h1>\n<h1 style=\"text-align: center;\"><\/h1>\n<h1 style=\"text-align: center;\"><span style=\"color: #00ccff;\">WAS IST\u00a0HIPPOTHERAPIE?<\/span><\/h1>\n<p>Unter Hippotherapie versteht man eine spezielle physiotherapeutische Ma\u00dfnahme, die bei behinderten und kranken Personen das Pferd und dessen dreidimensionale R\u00fcckenbewegung unter medizinischen Gesichtspunkten einsetzt.<\/p>\n<p>Der direkt auf dem warmen, bewegten Pfeder\u00fccken sitzende Mensch muss st\u00e4ndig auf dessen Bewegungen reagieren.<br \/>\nDie Therapeutin achtet besonders auf die Stellung und Mobilit\u00e4t des Beckens, des Rumpfes und der Extremit\u00e4ten. Durch diese rhythmischen, sich st\u00e4ndig wiederholenden Bewegungen wird der Muskeltonus (= Spannungszustand der Muskulatur) g\u00fcnstig beeinflusst.<br \/>\nKeine andere physiotherapeutische Behandlung bietet die M\u00f6glichkeit, sich in aufrechter Haltung mit fremden Beinen durch den Raum bewegen zu k\u00f6nnen!<br \/>\nSo k\u00f6nnen Bewegungsabl\u00e4ufe gelernt und ge\u00fcbt werden. Gleichgewicht, Koordination, Atmung und nat\u00fcrlich die gesamte Sensorik und Psyche werden in der Hippotherapie angesprochen.<\/p>\n<h3 style=\"text-align: center;\"><span style=\"color: #00ccff;\">WER DARF HIPPOTHERAPIE DURCHF\u00dcHREN?<\/span><\/h3>\n<p>Ausschlie\u00dflich diplomierte PhysiotherapeutInnen mit abgeschlossener Zusatzausbildung in der Hippotherapie. Diese Behandlung muss \u00e4rztlich verordnet, f\u00fcr den Patienten individuell angepasst und dem Therapieplan entsprechend aufgebaut sein.<\/p>\n<h3 style=\"text-align: center;\"><span style=\"color: #00ccff;\">WER BRAUCHT HIPPOTHERAPIE?<\/span><\/h3>\n<p>Kinder und Erwachsene, vor allem mit:<\/p>\n<p>&gt; Erkrankungen des zentralen und peripheren Nervensystems<\/p>\n<p style=\"padding-left: 30px;\">(z.B: Cerebralparese, Multiple Sklerose, Querschnittl\u00e4hmung,&#8230;)<\/p>\n<p>&gt; Erkrankungen des St\u00fctz- und Bewegungsapperates<\/p>\n<p style=\"padding-left: 30px;\">(z.B: Bandscheibenprobleme, Skoliose, Haltungsschw\u00e4che,&#8230;)<\/p>\n<p>&gt; Muskel- und Stoffwechselerkrankungen<\/p>\n<h2 style=\"text-align: center;\"><span style=\"color: #00ccff;\">Was ist Therapeutisches Reiten?<\/span><\/h2>\n<p>Das Pferd \u2013 bew\u00e4hrter Freund, Helfer und Sportkamerad des Menschen seit Jahrhunderten \u2013 arbeitet auch sehr erfolgreich als Partner in der Behandlung von Kranken und Behinderten. Daf\u00fcr wird es nat\u00fcrlich speziell ausgebildet, an Rollst\u00fchle, Aufstiegshilfen und vieles mehr gew\u00f6hnt und auf besondere F\u00fchrungsmethoden geschult. \u201eTherapeutisches Reiten\u201c, als Oberbegriff verstanden, gliedert sich in 4 Fachbereiche, die sich zwar prinzipiell unterscheiden, oft aber sehr ineinander \u00fcbergehen:<\/p>\n<p style=\"text-align: center;\"><a href=\"https:\/\/hippo-salzburg.at\/wp-content\/uploads\/2019\/07\/Circle_new5.jpg\"><img loading=\"lazy\" class=\"wp-image-1134 size-medium alignright\" src=\"https:\/\/hippo-salzburg.at\/wp-content\/uploads\/2019\/07\/Circle_new5-300x280.jpg\" alt=\"\" width=\"300\" height=\"280\" srcset=\"https:\/\/hippo-salzburg.at\/wp-content\/uploads\/2019\/07\/Circle_new5-300x280.jpg 300w, https:\/\/hippo-salzburg.at\/wp-content\/uploads\/2019\/07\/Circle_new5.jpg 707w\" sizes=\"(max-width: 300px) 100vw, 300px\" \/><\/a><\/p>\n<h3><span style=\"color: #00ccff;\">Medizin<\/span><\/h3>\n<p>Hippotherapie &#8211; hippos (griech.) = das Pferd &#8211; ist eine \u00e4rztlich verordnete, von Physiotherapeuten mit Zusatzausbildung f\u00fcr Hippotherapie durchgef\u00fchrte erg\u00e4nzende neurophysiologische Behandlungsmethode, welche die dreidimensionale Bewegung und Schwingung des Pferder\u00fcckens in der Gangart Schritt ausnutzt. Durch diese Impulse kommt es zu einer Normalisierung der Muskelgrundspannung, zur F\u00f6rderung von Beckenbewegungen, zur Verbesserung von Rumpf- und Kopfkontrolle sowie des Gleichgewichts und zu einer Schulung des Bewegungsgef\u00fchls (der Rumpf reagiert wie beim gehen). Besondere \u00dcbungen sind nicht erforderlich, vielmehr soll sich der Patient m\u00f6glichst gut an die Pferdebewegungen anpassen. Vom Pferd ausgehende zus\u00e4tzliche Impulse (z.B. Tempovarianten im Schritt, gebogene Linien, Seiteng\u00e4nge, Schritt-Halt) k\u00f6nnen ausgenutzt werden. Voraussetzung f\u00fcr die Hippotherapie sind der erforderliche Spreizsitz und (beim Erwachsenen) die Kopf- und Rumpfkontrolle.<\/p>\n<h3><span style=\"color: #00ccff;\">Sport<\/span><\/h3>\n<p>Beim Reiten und Fahren als Pr\u00e4ventions-, Rehabilitations-, Freizeit- oder Leistungssport f\u00fcr Menschen mit Behinderung \u00fcbernimmt das Pferd das Sich-Bewegen f\u00fcr den Bewegungsgest\u00f6rten und erm\u00f6glicht ihm so die Teilnahme an Spiel und Sport. Es ist sowohl k\u00f6rperliches Training, als auch eine entscheidende Hilfe f\u00fcr die psychologische und geistige Verfassung des Patienten im Hinblick auf positives Annehmen und \u00dcberwinden einer Behinderung.<\/p>\n<h3><span style=\"color: #00ccff;\">P\u00e4dagogik<\/span><\/h3>\n<p>Heilp\u00e4dagogisches Reiten und Voltigieren sind F\u00f6rderungsma\u00dfnahmen, die durch zus\u00e4tzlich ausgebildete P\u00e4dagogen oder Psychologen bei verhaltensauff\u00e4lligen, lern- und geistig behinderten Menschen und psychisch kranken Personen eingesetzt werden. Das Pferd wirkt als Erziehungshelfer und Partner in der Gruppe. Die Patienten erleben Motivation, Leistungssteigerung, Aufbau von Konzentrationsf\u00e4higkeit und Selbstwertgef\u00fchl, Abbau von Aggression, ein gegenseitiges Sich- Annehmen und Lebensfreude.<\/p>\n<h3><span style=\"color: #00ccff;\">Ergotherapie mit Pferd:<\/span><\/h3>\n<p>Ziel der Ergotherapie mit Pferd ist es, durch einen alltagsorientierten Zugang f\u00fcr alle KlientInnen gr\u00f6\u00dftm\u00f6gliche Selbst\u00e4ndigkeit zu erlangen. Die ergotherapeutischen Ma\u00dfnahmen werden mit und auf dem Pferd, sowie im Umfeld des Pferdes (Stall, Putzplatz&#8230;) durchgef\u00fchrt und f\u00fchren zu besserer Wahrnehmung und Koordinierung der einzelnen Handgriffe und Handlungsabl\u00e4ufe.<\/p>\n<h2><a title=\"Kontakt\" href=\"https:\/\/hippo-salzburg.at\/?page_id=21\">Zum Anmelden HIER klicken<\/a><\/h2>\n","protected":false},"excerpt":{"rendered":"<p>WAS IST\u00a0HIPPOTHERAPIE? Unter Hippotherapie versteht man eine spezielle physiotherapeutische Ma\u00dfnahme, die bei behinderten und kranken Personen das Pferd und dessen dreidimensionale R\u00fcckenbewegung unter medizinischen Gesichtspunkten einsetzt. Der direkt auf dem warmen, bewegten Pfeder\u00fccken sitzende Mensch muss st\u00e4ndig auf dessen Bewegungen&hellip; <\/p>\n","protected":false},"author":3,"featured_media":0,"parent":12,"menu_order":10,"comment_status":"closed","ping_status":"open","template":"","meta":[],"_links":{"self":[{"href":"https:\/\/hippo-salzburg.at\/index.php?rest_route=\/wp\/v2\/pages\/31"}],"collection":[{"href":"https:\/\/hippo-salzburg.at\/index.php?rest_route=\/wp\/v2\/pages"}],"about":[{"href":"https:\/\/hippo-salzburg.at\/index.php?rest_route=\/wp\/v2\/types\/page"}],"author":[{"embeddable":true,"href":"https:\/\/hippo-salzburg.at\/index.php?rest_route=\/wp\/v2\/users\/3"}],"replies":[{"embeddable":true,"href":"https:\/\/hippo-salzburg.at\/index.php?rest_route=%2Fwp%2Fv2%2Fcomments&post=31"}],"version-history":[{"count":13,"href":"https:\/\/hippo-salzburg.at\/index.php?rest_route=\/wp\/v2\/pages\/31\/revisions"}],"predecessor-version":[{"id":1137,"href":"https:\/\/hippo-salzburg.at\/index.php?rest_route=\/wp\/v2\/pages\/31\/revisions\/1137"}],"up":[{"embeddable":true,"href":"https:\/\/hippo-salzburg.at\/index.php?rest_route=\/wp\/v2\/pages\/12"}],"wp:attachment":[{"href":"https:\/\/hippo-salzburg.at\/index.php?rest_route=%2Fwp%2Fv2%2Fmedia&parent=31"}],"curies":[{"name":"wp","href":"https:\/\/api.w.org\/{rel}","templated":true}]}}