{"id":37,"date":"2014-01-22T18:04:29","date_gmt":"2014-01-22T16:04:29","guid":{"rendered":"erschienen in den <a title=\"Salzburger Nachrichten Homepage\" href=\"http:\/\/www.salzburg.com\" target=\"_blank\" rel=\"noopener noreferrer\">Salzburger Nachrichten<\/a>\r\n\r\n&nbsp;\r\n<h1><span style=\"color: #ff0000;\">Fest und Meisterschaft<\/span><\/h1>\r\n<h3><span sty"},"modified":"2017-06-04T17:08:50","modified_gmt":"2017-06-04T15:08:50","slug":"fm-zeitungsartikel","status":"publish","type":"page","link":"https:\/\/hippo-salzburg.at\/?page_id=37","title":{"rendered":"Zeitungsartikel Hippofest 2012"},"content":{"rendered":"<p>erschienen in den <a title=\"Salzburger Nachrichten Homepage\" href=\"http:\/\/www.salzburg.com\" target=\"_blank\" rel=\"noopener noreferrer\">Salzburger Nachrichten<\/a><\/p>\n<p>&nbsp;<\/p>\n<h1><span style=\"color: #ff0000;\">Fest und Meisterschaft<\/span><\/h1>\n<h3><span style=\"color: #00ccff;\">f\u00fcr therapeutisches Reiten<\/span><\/h3>\n<p>&nbsp;<\/p>\n<p style=\"text-align: center;\"><span style=\"color: #ff0000;\">5. Mai 2012 im Reitstall Schullergut bei Salzburg-Wels<\/span><\/p>\n<p>Bereits zum 5. Mal fand in Salzburg das Fest und Meisterschaft f\u00fcr therapeutisches Reiten statt. 120 Menschen mit Behinderung starteten in verschiedenen, jeweils auf die Schwere der Behinderung abgestimmten Bewerben der Hippotherapie und des Heilp\u00e4dagogischen Voltigierens.<br \/>\nDie Teilnehmer kamen aus Stadt und Land Salzburg, Ober- und Nieder\u00f6sterreich, Tirol und aus Bayern.<\/p>\n<p>Die Reithalle war vom Voltigierverein wieder wundersch\u00f6n geschm\u00fcckt und es herrschte bei allen Startern gro\u00dfe Aufregung. Aber kaum sa\u00dfen sie auf \u201eihrem\u201c Therapiepferd, f\u00fchlten sie sich wohl und meisterten die Aufgaben hervorragend. \u201eDas Pferd leiht mir die Beine\u201c sagen einige der Mitreiter und sind gl\u00fccklich, sich hoch zu Ross so frei zu f\u00fchlen.<\/p>\n<p>Die Hippotherapie-Bewerbe reichten von \u201eTandemreiter\u201c \u00fcber \u201eHippoindianer\u201c und \u201eSlalomreiter\u201c bis zu den \u201eKurvencowboys. Den Abschluss machten die \u201eSheriffs\u201c, ein F\u00fchrz\u00fcgelbewerb, der schon eine leichte \u00dcberleitung zum sportlich therapeutischen Reiten bildet.<br \/>\nAuch die HPV-Bewerbe erfreuten sich gro\u00dfer Beliebtheit und es konnten beachtliche Leistungen hoch zu Ross allein oder zu zweit bewundert werden.<\/p>\n<p>Bei der Siegerehrung freuten sich Gro\u00df und Klein \u00fcber die Urkunden, Schleifen und wundersch\u00f6nen Pokale (ein goldenes Pferd, gestiftet von der Familie Kirchmayer), die jeder Turnierteilnehmer erhielt.<\/p>\n<p>Rund um die Reithalle wurde wieder ein gro\u00dfes Kinderfest ausgerichtet. Insgesamt kamen rund 600 Menschen zu dieser gelungenen Veranstaltung.<\/p>\n<p>&nbsp;<\/p>\n<p style=\"text-align: right;\"><span style=\"color: #339966;\">Thesy Feichtinger-Zrost<\/span><br \/>\n<span style=\"color: #339966;\"> Initiatorin und Organisatorin des Events<\/span><\/p>\n<p style=\"text-align: center;\"><span style=\"font-size: large;\"><a title=\"Hippofest Sponsoring\" href=\"https:\/\/hippo-salzburg.at\/?page_id=101\">&gt;Sponsoring&lt;<\/a><\/span><\/p>\n<p style=\"text-align: center;\"><span style=\"font-size: large;\"><a title=\"Allgemeines Sponsoring\" href=\"https:\/\/hippo-salzburg.at\/?page_id=64\">&gt;Spendeninformation&lt;<\/a><\/span><\/p>\n","protected":false},"excerpt":{"rendered":"<p>erschienen in den Salzburger Nachrichten &nbsp; Fest und Meisterschaft f\u00fcr therapeutisches Reiten &nbsp; 5. Mai 2012 im Reitstall Schullergut bei Salzburg-Wels Bereits zum 5. Mal fand in Salzburg das Fest und Meisterschaft f\u00fcr therapeutisches Reiten statt. 120 Menschen mit Behinderung&hellip; <\/p>\n","protected":false},"author":3,"featured_media":0,"parent":15,"menu_order":30,"comment_status":"closed","ping_status":"open","template":"","meta":[],"_links":{"self":[{"href":"https:\/\/hippo-salzburg.at\/index.php?rest_route=\/wp\/v2\/pages\/37"}],"collection":[{"href":"https:\/\/hippo-salzburg.at\/index.php?rest_route=\/wp\/v2\/pages"}],"about":[{"href":"https:\/\/hippo-salzburg.at\/index.php?rest_route=\/wp\/v2\/types\/page"}],"author":[{"embeddable":true,"href":"https:\/\/hippo-salzburg.at\/index.php?rest_route=\/wp\/v2\/users\/3"}],"replies":[{"embeddable":true,"href":"https:\/\/hippo-salzburg.at\/index.php?rest_route=%2Fwp%2Fv2%2Fcomments&post=37"}],"version-history":[{"count":9,"href":"https:\/\/hippo-salzburg.at\/index.php?rest_route=\/wp\/v2\/pages\/37\/revisions"}],"predecessor-version":[{"id":943,"href":"https:\/\/hippo-salzburg.at\/index.php?rest_route=\/wp\/v2\/pages\/37\/revisions\/943"}],"up":[{"embeddable":true,"href":"https:\/\/hippo-salzburg.at\/index.php?rest_route=\/wp\/v2\/pages\/15"}],"wp:attachment":[{"href":"https:\/\/hippo-salzburg.at\/index.php?rest_route=%2Fwp%2Fv2%2Fmedia&parent=37"}],"curies":[{"name":"wp","href":"https:\/\/api.w.org\/{rel}","templated":true}]}}