{"id":54,"date":"2014-01-22T18:14:43","date_gmt":"2014-01-22T17:14:43","guid":{"rendered":"<h2><span style=\"color: #00ccff;\">Hippofest 2009<\/span><\/h2>\r\n<p style=\"padding-left: 30px;\"><img class=\"alignright wp-image-302 size-full\" style=\"border: 3px solid white; margin: 3px;\" src=\"https:\/\/hippo-salzburg.at\/wp-content\/uploads\/2014\/01\/Reitturnier"},"modified":"2017-06-04T17:12:02","modified_gmt":"2017-06-04T15:12:02","slug":"zeitungsbericht","status":"publish","type":"page","link":"https:\/\/hippo-salzburg.at\/?page_id=54","title":{"rendered":"Zeitungsbericht"},"content":{"rendered":"<h2><span style=\"color: #00ccff;\">Hippofest 2009<\/span><\/h2>\n<p style=\"padding-left: 30px;\"><img loading=\"lazy\" class=\"alignright wp-image-302 size-full\" style=\"border: 3px solid white; margin: 3px;\" src=\"https:\/\/hippo-salzburg.at\/wp-content\/uploads\/2014\/01\/Reitturnier_2012_9077.jpg\" alt=\"\" width=\"600\" height=\"446\" srcset=\"https:\/\/hippo-salzburg.at\/wp-content\/uploads\/2014\/01\/Reitturnier_2012_9077.jpg 600w, https:\/\/hippo-salzburg.at\/wp-content\/uploads\/2014\/01\/Reitturnier_2012_9077-300x223.jpg 300w\" sizes=\"(max-width: 600px) 100vw, 600px\" \/>In Elixhausen trafen sich 150 Kinder, Jugendliche und Erwachsene zu einem Wettbewerb der ganz besonderen Art: ein Hippotherapieturnier f\u00fcr Menschen mit K\u00f6rper-und Mehrfachbehinderung.<br \/>\nSie kamen nicht nur aus Salzburg, sondern von Radstadt, Schladming, dem benachbarten Bayern, aber auch aus Nieder\u00f6sterreich, Ober\u00f6sterreich und sogar von Graz.<\/p>\n<p style=\"padding-left: 30px;\">Je nach Behinderungsgrad hatten die Teilnehmer verschiedene Aufgaben auf ihren Pferden zu meistern und zeigten dabei sehr viel Begeisterung und beachtlichem K\u00f6nnen.<br \/>\n\u201eDas Pferd leiht mir die Beine\u201c und so ist man als Zuschauer erstaunt und ber\u00fchrt, wenn man ein Kind bei der Siegerehrung im Rollstuhl sitzen sieht und vorher auf dem Pferd oft gar keine Beeintr\u00e4chtigung erkennen konnte.<\/p>\n<p style=\"padding-left: 30px;\">Als Rahmenprogramm fand ein tolles Kinderfest statt, bei dem die Kids von Graffiti, Schminken, Stoffsackerl malen und Filzen, \u00fcber Rollstuhlslalom, Pony reiten und Kutsche fahren, bis zu Hufeisenwerfen, Sackh\u00fcpfen und N\u00e4gel einschlagen viel Spa\u00df hatten.<\/p>\n<p style=\"padding-left: 30px;\">Es war ein Beispiel f\u00fcr gelebte Integration, denn die Veranstaltung wurde im Rahmen eines Voltigierturniers durchgef\u00fchrt und zog auch viele Kinder aus ganz Salzburg an\u2026mehr als 600 Besucher machten den Tag zu einem gro\u00dfen Fest.<\/p>\n<h3 style=\"padding-left: 30px;\"><a title=\"2009 \u2013 Fotos F&amp;M\" href=\"https:\/\/hippo-salzburg.at\/?page_id=60\">&gt;Zu den Fotos&lt;<\/a><\/h3>\n","protected":false},"excerpt":{"rendered":"<p>Hippofest 2009 In Elixhausen trafen sich 150 Kinder, Jugendliche und Erwachsene zu einem Wettbewerb der ganz besonderen Art: ein Hippotherapieturnier f\u00fcr Menschen mit K\u00f6rper-und Mehrfachbehinderung. Sie kamen nicht nur aus Salzburg, sondern von Radstadt, Schladming, dem benachbarten Bayern, aber auch&hellip; <\/p>\n","protected":false},"author":3,"featured_media":0,"parent":17,"menu_order":56,"comment_status":"closed","ping_status":"closed","template":"","meta":[],"_links":{"self":[{"href":"https:\/\/hippo-salzburg.at\/index.php?rest_route=\/wp\/v2\/pages\/54"}],"collection":[{"href":"https:\/\/hippo-salzburg.at\/index.php?rest_route=\/wp\/v2\/pages"}],"about":[{"href":"https:\/\/hippo-salzburg.at\/index.php?rest_route=\/wp\/v2\/types\/page"}],"author":[{"embeddable":true,"href":"https:\/\/hippo-salzburg.at\/index.php?rest_route=\/wp\/v2\/users\/3"}],"replies":[{"embeddable":true,"href":"https:\/\/hippo-salzburg.at\/index.php?rest_route=%2Fwp%2Fv2%2Fcomments&post=54"}],"version-history":[{"count":9,"href":"https:\/\/hippo-salzburg.at\/index.php?rest_route=\/wp\/v2\/pages\/54\/revisions"}],"predecessor-version":[{"id":947,"href":"https:\/\/hippo-salzburg.at\/index.php?rest_route=\/wp\/v2\/pages\/54\/revisions\/947"}],"up":[{"embeddable":true,"href":"https:\/\/hippo-salzburg.at\/index.php?rest_route=\/wp\/v2\/pages\/17"}],"wp:attachment":[{"href":"https:\/\/hippo-salzburg.at\/index.php?rest_route=%2Fwp%2Fv2%2Fmedia&parent=54"}],"curies":[{"name":"wp","href":"https:\/\/api.w.org\/{rel}","templated":true}]}}