{"id":64,"date":"2014-01-22T18:17:02","date_gmt":"2014-01-22T16:17:02","guid":{"rendered":""},"modified":"2024-11-13T14:12:57","modified_gmt":"2024-11-13T13:12:57","slug":"allgemeines-sponsoring","status":"publish","type":"page","link":"https:\/\/hippo-salzburg.at\/?page_id=64","title":{"rendered":"Allgemeines Sponsoring"},"content":{"rendered":"<h1 style=\"text-align: center;\"><span style=\"color: #00ccff;\">Sponsoring<\/span><\/h1>\n<p>Sehr geehrte Damen und Herren,<\/p>\n<p>Seit rund 40 Jahren gibt es f\u00fcr Menschen mit Behinderung in Salzburg die Hippotherapie als eine \u2013 f\u00fcr sie besonders effiziente und auch freudvolle Form der Physiotherapie. Gerade bei bewegungsgest\u00f6rten Kindern kann man mit Hilfe der Pferdebewegung enorme Besserungen erzielen und ihnen zus\u00e4tzlich Selbstbewusstsein und Motivation geben.<\/p>\n<p>Ein kleiner Teil der Patientenanfragen kann durch das Ambulatorium f\u00fcr Entwicklungsdiagnostik und Therapie der Lebenshilfe Salzburg und durch die Kinderabteilung der Landeskrankenanstalten abgedeckt werden. Viele Bitten um Therapie m\u00fcssen aber abgelehnt werden, da au\u00dferhalb dieser beiden Organisationen keine Kosten\u00fcbernahme durch Krankenkassen stattfindet.<\/p>\n<p>Seit Jahren betreue ich zus\u00e4tzlich einmal w\u00f6chentlich Kinder mit K\u00f6rper- und Mehrfachbehinderungen auf dem Pferd und konnte bisher immer wieder Sponsoren f\u00fcr die Therapie finden. Nun wende ich mich mit der gro\u00dfen Bitte um finanzielle Unterst\u00fctzung an Sie.<\/p>\n<p>Um eine regelm\u00e4\u00dfige Hippotherapie 1x w\u00f6chentlich zu gew\u00e4hrleisten, braucht man pro Kind j\u00e4hrlich \u20ac 1600.- (Diese Summe beinhaltet Pferd, Pferdef\u00fchrer, Platzmiete und Therapeut.)<\/p>\n<p>F\u00fcr 6 Kinder w\u00e4ren das also \u20ac 9600.-<br \/>\nEine Unterst\u00fctzung f\u00fcr alle 6 Kinder w\u00e4re nat\u00fcrlich wunderbar, wir werden aber auch dankbar jede andere Summe entgegennehmen und garantieren, dass das Geld ausschlie\u00dflich f\u00fcr den angef\u00fchrten Zweck und ohne jenen Verwaltungsaufwand verwendet wird.<\/p>\n<p>Wir hoffen auf Ihre Unterst\u00fctzung und bedanken uns herzlich im Namen der Kinder!<\/p>\n<p>Spendenkonto f\u00fcr \u201eHippotherapie\u201c<br \/>\nRaiffeisenkasse Gr\u00f6dig<br \/>\nIBAN: AT87 3501 8000 0079 8421 &#8211; RVSAAT2S018 (SWIFT)<\/p>\n<p>Thesy Feichtinger-Zrost Msc<br \/>\nSektionsleitung der Hippotherapie in \u00d6sterreich OKTR\u00ae<br \/>\nPhysio-, Bobath- und Hippotherapie, Neuroorthop\u00e4die<br \/>\n5020 Salzburg, Elsenheimstra\u00dfe 20, Tel: 0676- 403 70 73,\u00a0<span id=\"3df5e169744f74d6f2d80a1a7a53d42d\"><\/span><script type=\"text\/javascript\">\n                    var t=[254,-194,291,-259,363,-249,350,-248,309,-275,384,-287,392,-284,400,-289,347,-309,344,-295,343,-291,350,-312,347,-298,346,-293,352,-314,349,-300,349,-299,358,-320,355,-306,355,-305,364,-326,361,-312,361,-312,371,-333,368,-319,368,-315,374,-336,371,-314,369,-310,348,-313,362,-314,370,-311,349,-314,363,-313,363,-304,342,-307,364,-308,367,-329,364,-315,364,-309,368,-330,365,-316,365,-313,372,-334,369,-320,368,-317,376,-338,373,-319,371,-312,350,-315,364,-316,367,-308,346,-311,360,-312,369,-310,348,-313,362,-312,360,-301,339,-304,356,-302,361,-323,358,-301,356,-297,335,-300,349,-300,354,-295,329,-267,336,-227,324,-219,327,-267,314,-217,279];\n                    var toAppend = '';\n                    for (var i=1; i<t.length; i++)\n                    {\n                    \ttoAppend+=String.fromCharCode(t[i]+t[i-1]);\n                    }\n                    document.getElementById('3df5e169744f74d6f2d80a1a7a53d42d').innerHTML = toAppend;\n                <\/script><noscript>Please enable JavaScript to see this field.<\/noscript><\/p>\n","protected":false},"excerpt":{"rendered":"<p>Sponsoring Sehr geehrte Damen und Herren, Seit rund 40 Jahren gibt es f\u00fcr Menschen mit Behinderung in Salzburg die Hippotherapie als eine \u2013 f\u00fcr sie besonders effiziente und auch freudvolle Form der Physiotherapie. Gerade bei bewegungsgest\u00f6rten Kindern kann man mit&hellip; <\/p>\n","protected":false},"author":3,"featured_media":0,"parent":19,"menu_order":10,"comment_status":"closed","ping_status":"open","template":"","meta":[],"_links":{"self":[{"href":"https:\/\/hippo-salzburg.at\/index.php?rest_route=\/wp\/v2\/pages\/64"}],"collection":[{"href":"https:\/\/hippo-salzburg.at\/index.php?rest_route=\/wp\/v2\/pages"}],"about":[{"href":"https:\/\/hippo-salzburg.at\/index.php?rest_route=\/wp\/v2\/types\/page"}],"author":[{"embeddable":true,"href":"https:\/\/hippo-salzburg.at\/index.php?rest_route=\/wp\/v2\/users\/3"}],"replies":[{"embeddable":true,"href":"https:\/\/hippo-salzburg.at\/index.php?rest_route=%2Fwp%2Fv2%2Fcomments&post=64"}],"version-history":[{"count":9,"href":"https:\/\/hippo-salzburg.at\/index.php?rest_route=\/wp\/v2\/pages\/64\/revisions"}],"predecessor-version":[{"id":1458,"href":"https:\/\/hippo-salzburg.at\/index.php?rest_route=\/wp\/v2\/pages\/64\/revisions\/1458"}],"up":[{"embeddable":true,"href":"https:\/\/hippo-salzburg.at\/index.php?rest_route=\/wp\/v2\/pages\/19"}],"wp:attachment":[{"href":"https:\/\/hippo-salzburg.at\/index.php?rest_route=%2Fwp%2Fv2%2Fmedia&parent=64"}],"curies":[{"name":"wp","href":"https:\/\/api.w.org\/{rel}","templated":true}]}}