{"id":643,"date":"2015-03-05T18:43:11","date_gmt":"2015-03-05T17:43:11","guid":{"rendered":"<h3>Mitglied in der <a title=\"neuroortho\" href=\"http:\/\/neuroortho.org\/\" target=\"_blank\">Internationalen Vereinigung f\u00fcr Neuroorthop\u00e4die<\/a><\/h3>\r\nDie Internationale Vereinigung f\u00fcr Neuroorthop\u00e4die, kurz &lt;&lt;neuroortho&gt;&gt;, bezweckt die internation"},"modified":"2015-03-05T18:45:32","modified_gmt":"2015-03-05T17:45:32","slug":"links","status":"publish","type":"page","link":"https:\/\/hippo-salzburg.at\/?page_id=643","title":{"rendered":"Links"},"content":{"rendered":"<h3>Mitglied in der <a title=\"neuroortho\" href=\"http:\/\/neuroortho.org\/\" target=\"_blank\">Internationalen Vereinigung f\u00fcr Neuroorthop\u00e4die<\/a><\/h3>\n<p>Die Internationale Vereinigung f\u00fcr Neuroorthop\u00e4die, kurz &lt;&lt;neuroortho&gt;&gt;, bezweckt die internationale Verbreitung medizinischen Wissens auf dem Gebiet der Pr\u00e4ventation, der Diagnostik, der Behandlung und der Rehabilitation von Kindern und Erwachsenen mit neuroorthop\u00e4dischen Erkrankungen des Bewegungsapperats durch die Unterst\u00fctzung und Organisation medizinisch-therapeutischer Fortbildungen und wissenschaftlicher Forschungsprojekte. Die T\u00e4tigkeit der Vereinigung ist nicht gewinnorientiert.<\/p>\n<p>&nbsp;<\/p>\n<h3>Mitglied beim <a title=\"OKTR\" href=\"http:\/\/www.oktr.at\/\" target=\"_blank\">\u00d6sterreichischen Kuratorium f\u00fcr Therapeutisches Reiten<\/a><\/h3>\n<p align=\"justify\">Das \u00d6sterreichische Kuratorium f\u00fcr Therapeutisches Reiten ist ein gemeinn\u00fctziger, fachbezogener Verein, dessen T\u00e4tigkeit der Entwicklung, dem Ausbau und der Qualit\u00e4tssicherung der vier Sparten des therapeutischen Reitens &#8211; <strong>Hippotherapie &#8211;<\/strong> <strong>Heilp\u00e4dagogisches Voltigieren\/Reiten<\/strong><strong> &#8211;<\/strong> <strong>Behindertenreiten<\/strong> &#8211; <strong>Ergotherapie mit Pferd <\/strong>&#8211; dient. In allen vier Bereichen wird der Mensch ganzheitlich angesprochen: k\u00f6rperlich, emotional, geistig und sozial. Dabei besch\u00e4ftigt sich das OKTR mit den Themen Wissenschaft, Aus- und Fortbildung, Therapie, Heilp\u00e4dagogik, Hippologie, Organisation und dem Reit- und Fahrsport.<\/p>\n<h3><\/h3>\n<h3>Mitglied beim\u00a0 <a title=\"Physioaustria\" href=\"http:\/\/www.physioaustria.at\/og\/hippotherapie\" target=\"_blank\">Bundesverband der PhysiotherapeutInnen \u00d6sterreichs<\/a><\/h3>\n<div class=\"field field-name-field-teasertext field-type-text-long field-label-hidden\">\n<p>Physio Austria verf\u00fcgt \u00fcber eine Vielzahl an fachlichen Netzwerken. Alle Informationen zu diesen fachlichen Netzwerken und deren Mitglieder finden Sie unter <a title=\"Themengebiete\" href=\"http:\/\/www.physioaustria.at\/themengebiete\" target=\"_blank\">Themengebiete<\/a>.<\/p>\n<\/div>\n<div class=\"field field-name-body field-type-text-with-summary field-label-hidden\">\n<p>Durch die Gr\u00fcndung von Netzwerken, ehemals Fachgruppen und Arbeitsgemeinschaften, k\u00f6nnen Themen besser geb\u00fcndelt und bearbeitet sowie ExpertInnen gef\u00f6rdert werden.<\/p>\n<h3><\/h3>\n<h3><a title=\"Ambu\" href=\"http:\/\/www.lebenshilfe-salzburg.at\/arzt-und-therapie.html\" target=\"_blank\">Ambulatorium f\u00fcr Entwicklungsdiagnostik und Therapie<\/a><\/h3>\n<p>Das Ambulatorium ist ein medizinisches Zentrum, das f\u00fcr Kinder und Jugendliche mit allen Arten von Entwicklungsst\u00f6rungen oder Behinderungen \u00e4rztliche Beratung und therapeutische Hilfe anbietet.<\/p>\n<\/div>\n","protected":false},"excerpt":{"rendered":"<p>Mitglied in der Internationalen Vereinigung f\u00fcr Neuroorthop\u00e4die Die Internationale Vereinigung f\u00fcr Neuroorthop\u00e4die, kurz &lt;&lt;neuroortho&gt;&gt;, bezweckt die internationale Verbreitung medizinischen Wissens auf dem Gebiet der Pr\u00e4ventation, der Diagnostik, der Behandlung und der Rehabilitation von Kindern und Erwachsenen mit neuroorthop\u00e4dischen Erkrankungen des&hellip; <\/p>\n","protected":false},"author":4,"featured_media":0,"parent":0,"menu_order":190,"comment_status":"closed","ping_status":"open","template":"","meta":[],"_links":{"self":[{"href":"https:\/\/hippo-salzburg.at\/index.php?rest_route=\/wp\/v2\/pages\/643"}],"collection":[{"href":"https:\/\/hippo-salzburg.at\/index.php?rest_route=\/wp\/v2\/pages"}],"about":[{"href":"https:\/\/hippo-salzburg.at\/index.php?rest_route=\/wp\/v2\/types\/page"}],"author":[{"embeddable":true,"href":"https:\/\/hippo-salzburg.at\/index.php?rest_route=\/wp\/v2\/users\/4"}],"replies":[{"embeddable":true,"href":"https:\/\/hippo-salzburg.at\/index.php?rest_route=%2Fwp%2Fv2%2Fcomments&post=643"}],"version-history":[{"count":2,"href":"https:\/\/hippo-salzburg.at\/index.php?rest_route=\/wp\/v2\/pages\/643\/revisions"}],"predecessor-version":[{"id":645,"href":"https:\/\/hippo-salzburg.at\/index.php?rest_route=\/wp\/v2\/pages\/643\/revisions\/645"}],"wp:attachment":[{"href":"https:\/\/hippo-salzburg.at\/index.php?rest_route=%2Fwp%2Fv2%2Fmedia&parent=643"}],"curies":[{"name":"wp","href":"https:\/\/api.w.org\/{rel}","templated":true}]}}